{"id":178,"date":"2019-12-27T19:51:22","date_gmt":"2019-12-28T02:51:22","guid":{"rendered":"https:\/\/stjohntucson.org\/?page_id=178"},"modified":"2024-12-12T10:03:45","modified_gmt":"2024-12-12T17:03:45","slug":"st-john-school-parent-organization","status":"publish","type":"page","link":"https:\/\/stjohntucson.org\/es\/st-john-school-parent-organization\/","title":{"rendered":"Organizaci\u00f3n de Padres y Maestros (PTO) de la Escuela St. John"},"content":{"rendered":"<h3><img loading=\"lazy\" decoding=\"async\" src=\"https:\/\/stjohntucson.org\/wp-content\/uploads\/2024\/01\/9.png\" alt=\"\" width=\"1584\" height=\"396\" \/><\/h3>\n<figure><img decoding=\"async\" src=\"https:\/\/stjohntucson.org\/wp-content\/uploads\/2020\/01\/Posada-by-SJPO-1024x584.jpg\" alt=\"\" \/><\/figure>\n<p>&nbsp;<\/p>\nLa Organizaci\u00f3n de Padres y Maestros (PTO) de la Escuela Cat\u00f3lica St. John the Evangelist est\u00e1 comprometida a construir una s\u00f3lida colaboraci\u00f3n entre los padres y maestros, apoyando el desarrollo integral de nuestros estudiantes. El PTO organiza eventos y actividades que fomentan el crecimiento acad\u00e9mico, f\u00edsico, emocional y espiritual de cada estudiante. Arraigada en nuestra fe compartida, la PTO promueve un sentido de comunidad y fortalece la conexi\u00f3n entre el hogar y la escuela.\n<p><strong>Responsabilidades y Actividades del PTO<\/strong> El PTO est\u00e1 formado por padres y maestros comprometidos que colaboran para apoyar proyectos escolares y parroquiales a lo largo del a\u00f1o. Sus esfuerzos incluyen:<\/p>\n<ul>\n<li>Realizaci\u00f3n de eventos para recaudar fondos<\/li>\n<li>Organizaci\u00f3n de eventos escolares<\/li>\n<li>Apoyo en actividades de aula y excursiones<\/li>\n<li>Coordinar voluntarios<\/li>\n<li>Misa Familiar<\/li>\n<li>Mantener una comunicaci\u00f3n efectiva con los padres<\/li>\n<li>Coordinar voluntarios<\/li>\n<\/ul>\n<p>Todas las familias est\u00e1n invitadas a participar en las actividades patrocinadas por el PTO. Su participaci\u00f3n ayuda a crear una comunidad escolar solidaria y vibrante, mejorando la experiencia de nuestros estudiantes.<\/p>\n<strong>Calendario de Reuniones del PTO para 2024-2025<\/strong><br \/>\nLas reuniones est\u00e1n programadas de 4:30 PM a 5:30 PM en Casa San Juan. Por favor, reserve estas fechas:\n<ul>\n<li>7 de Agosto<\/li>\n<li>4 de Septiembre<\/li>\n<li>2 de Octubre<\/li>\n<li>6 de Noviembre<\/li>\n<li>4 de Diciembre<\/li>\n<li>8 de Enero<\/li>\n<li>5 de Febrero<\/li>\n<li>5 de Marzo<\/li>\n<li>2 de Abril<\/li>\n<li>7 de Mayo<\/li>\n<\/ul>\n<p>Para m\u00e1s informaci\u00f3n o para participar, comun\u00edquese con Anais Esquer en <a href=\"mailto:adelacruz@stjohntucson.org\" rel=\"noopener\">adelacruz@stjohntucson.org<\/a>.<\/p>","protected":false},"excerpt":{"rendered":"<p>&nbsp; The Parent-Teacher Organization (PTO) at St. John the Evangelist Catholic School is dedicated to building a strong partnership between parents and teachers while supporting the holistic development of our students. The PTO organizes events and activities that nurture the academic, physical, emotional, and spiritual growth of every student. Rooted in our shared faith, the PTO fosters a sense of community and strengthens the connection between home and school. PTO Responsibilities and Activities The PTO is made up of committed parents and teachers who collaborate to support school and parish projects throughout the year. Their efforts include: Hosting fundraisers Organizing school events Assisting with classroom activities and field trips Coordinating volunteers Family Mass Maintaining effective communication with parents Coordinating volunteers All families are invited to participate in PTO-sponsored activities. Your involvement helps create a supportive and vibrant school community and enhances the experience for our students. PTO Meeting Schedule for 2024-2025 Meetings are scheduled from 4:30 PM to 5:30 PM at Casa San Juan. Please save these dates: August 7 September 4 October 2 November 6 December 4 January 8 February 5 March 5 April 2 May 7 For more information or to participate, please contact Anais Esquer at adelacruz@stjohntucson.org.<\/p>","protected":false},"author":1,"featured_media":0,"parent":0,"menu_order":0,"comment_status":"closed","ping_status":"closed","template":"","meta":{"_coblocks_attr":"","_coblocks_dimensions":"","_coblocks_responsive_height":"","_coblocks_accordion_ie_support":"","footnotes":""},"class_list":["post-178","page","type-page","status-publish","hentry"],"_links":{"self":[{"href":"https:\/\/stjohntucson.org\/es\/wp-json\/wp\/v2\/pages\/178","targetHints":{"allow":["GET"]}}],"collection":[{"href":"https:\/\/stjohntucson.org\/es\/wp-json\/wp\/v2\/pages"}],"about":[{"href":"https:\/\/stjohntucson.org\/es\/wp-json\/wp\/v2\/types\/page"}],"author":[{"embeddable":true,"href":"https:\/\/stjohntucson.org\/es\/wp-json\/wp\/v2\/users\/1"}],"replies":[{"embeddable":true,"href":"https:\/\/stjohntucson.org\/es\/wp-json\/wp\/v2\/comments?post=178"}],"version-history":[{"count":18,"href":"https:\/\/stjohntucson.org\/es\/wp-json\/wp\/v2\/pages\/178\/revisions"}],"predecessor-version":[{"id":2873,"href":"https:\/\/stjohntucson.org\/es\/wp-json\/wp\/v2\/pages\/178\/revisions\/2873"}],"wp:attachment":[{"href":"https:\/\/stjohntucson.org\/es\/wp-json\/wp\/v2\/media?parent=178"}],"curies":[{"name":"wp","href":"https:\/\/api.w.org\/{rel}","templated":true}]}}