{"id":193,"date":"2019-12-28T17:07:37","date_gmt":"2019-12-29T00:07:37","guid":{"rendered":"https:\/\/stjohntucson.org\/?page_id=193"},"modified":"2024-01-24T14:38:36","modified_gmt":"2024-01-24T21:38:36","slug":"extended-learning-program","status":"publish","type":"page","link":"https:\/\/stjohntucson.org\/es\/extended-learning-program\/","title":{"rendered":"Programa de Aprendizaje Extendido"},"content":{"rendered":"<h3><img loading=\"lazy\" decoding=\"async\" src=\"https:\/\/stjohntucson.org\/wp-content\/uploads\/2024\/01\/9.png\" alt=\"\" width=\"1584\" height=\"396\" \/><\/h3>\n<p>The Extended Learning Program (ELP) transcends the traditional concept of &#8220;aftercare&#8221; by offering an exciting opportunity for all students to actively participate in further educational engagement within a highly structured environment. Commencing each day with a nutritious snack, ELP provides an enriching experience.<\/p>\n<p>The technology employed in the Extended Learning Program is equipped with diagnostic measures that tailor each student&#8217;s software experience to address their specific areas of improvement.<\/p>\n<hr \/>\n<h3>Horario del PAE:<\/h3>\n<strong>Monday, Tuesday, Thursday, and Friday: 3:00 pm &#8211; 6:00 pm<\/strong><br \/>\n<strong>Wednesday and other early dismissal days: 1:00 pm &#8211; 6:00 pm<\/strong>\n<p>(Los padres cuentan con un per\u00edodo de gracia de 15 minutos despu\u00e9s de la salida)<\/p>\n<hr \/>\n<h3>Cuotas:<\/h3>\n<strong>Cargo Inicial<\/strong>: $5.00 por la primera hora.<br \/>\n<strong>Cargo adicional<\/strong>: $2.00 por cada hora extra.<br \/>\n<strong>Cargo m\u00e1ximo:<\/strong> $9.00 por d\u00eda en d\u00edas regulares y $13.00 por d\u00eda en d\u00edas de salida temprana.\n<p>Para los estudiantes que participan en deportes o tutor\u00edas, se proporciona una ventana de 15 minutos despu\u00e9s de la actividad. Despu\u00e9s de este per\u00edodo, los estudiantes ser\u00e1n registrados en el Programa de Aprendizaje Extendido, incurriendo en un cargo de $5.00 por la primera hora y $2.00 por cada hora adicional. Los estudiantes recogidos despu\u00e9s de las 6:00 pm enfrentar\u00e1n un cargo adicional de $10.00.<\/p>\n<p>Cada d\u00eda, los estudiantes deben ser registrados por un adulto aprobado. La falta de registro resultar\u00e1 en un cargo adicional de $5.00 para ese d\u00eda. El Programa de Aprendizaje Extendido no solo ampl\u00eda las oportunidades educativas sino que tambi\u00e9n garantiza la seguridad y el bienestar de cada estudiante bajo nuestro cuidado.<\/p>\n<hr \/>\n<p><img loading=\"lazy\" decoding=\"async\" src=\"https:\/\/stjohntucson.org\/wp-content\/uploads\/2024\/01\/school-website-pictures.png\" alt=\"\" width=\"1024\" height=\"768\" \/><\/p>","protected":false},"excerpt":{"rendered":"<p>The Extended Learning Program (ELP) transcends the traditional concept of &#8220;aftercare&#8221; by offering an exciting opportunity for all students to actively participate in further educational engagement within a highly structured environment. Commencing each day with a nutritious snack, ELP provides an enriching experience. The technology employed in the Extended Learning Program is equipped with diagnostic measures that tailor each student&#8217;s software experience to address their specific areas of improvement. ELP Hours: Monday, Tuesday, Thursday, and Friday: 3:00 pm &#8211; 6:00 pm Wednesday and other early dismissal days: 1:00 pm &#8211; 6:00 pm (Parents have a 15-minute grace period following dismissal.) Fees: Initial charge: $5.00 for the first hour. Additional charge: $2.00 for every extra hour. Maximum charge: $9.00 per day on regular days and $13.00 per day on early dismissal days. For students participating in sports or tutoring, a 15-minute window is provided after the activity. After this period, students will be signed into the Extended Learning Program, incurring a $5.00 charge for the first hour and $2.00 for every additional hour. Students picked up after 6:00 pm will face an additional $10.00 charge. Each day, students must be signed out by an approved adult. Failure to do so will result in an additional $5.00 charge for that day. The Extended Learning Program not only extends educational opportunities but also ensures the safety and well-being of each student in our care.<\/p>","protected":false},"author":1,"featured_media":0,"parent":0,"menu_order":0,"comment_status":"closed","ping_status":"closed","template":"","meta":{"_coblocks_attr":"","_coblocks_dimensions":"","_coblocks_responsive_height":"","_coblocks_accordion_ie_support":"","footnotes":""},"class_list":["post-193","page","type-page","status-publish","hentry"],"_links":{"self":[{"href":"https:\/\/stjohntucson.org\/es\/wp-json\/wp\/v2\/pages\/193","targetHints":{"allow":["GET"]}}],"collection":[{"href":"https:\/\/stjohntucson.org\/es\/wp-json\/wp\/v2\/pages"}],"about":[{"href":"https:\/\/stjohntucson.org\/es\/wp-json\/wp\/v2\/types\/page"}],"author":[{"embeddable":true,"href":"https:\/\/stjohntucson.org\/es\/wp-json\/wp\/v2\/users\/1"}],"replies":[{"embeddable":true,"href":"https:\/\/stjohntucson.org\/es\/wp-json\/wp\/v2\/comments?post=193"}],"version-history":[{"count":12,"href":"https:\/\/stjohntucson.org\/es\/wp-json\/wp\/v2\/pages\/193\/revisions"}],"predecessor-version":[{"id":2626,"href":"https:\/\/stjohntucson.org\/es\/wp-json\/wp\/v2\/pages\/193\/revisions\/2626"}],"wp:attachment":[{"href":"https:\/\/stjohntucson.org\/es\/wp-json\/wp\/v2\/media?parent=193"}],"curies":[{"name":"wp","href":"https:\/\/api.w.org\/{rel}","templated":true}]}}