{"id":195,"date":"2019-12-28T17:10:48","date_gmt":"2019-12-29T00:10:48","guid":{"rendered":"https:\/\/stjohntucson.org\/?page_id=195"},"modified":"2024-01-24T15:00:19","modified_gmt":"2024-01-24T22:00:19","slug":"athletics","status":"publish","type":"page","link":"https:\/\/stjohntucson.org\/es\/athletics\/","title":{"rendered":"Atletismo"},"content":{"rendered":"<p><img loading=\"lazy\" decoding=\"async\" src=\"https:\/\/stjohntucson.org\/wp-content\/uploads\/2024\/01\/9.png\" alt=\"\" width=\"1584\" height=\"396\" \/><\/p>\n<p>El programa deportivo extracurricular diocesano est\u00e1 dise\u00f1ado para ofrecer actividades positivas y bien organizadas que contribuyan al desarrollo integral de cada ni\u00f1o. Nuestro programa sirve como modelo para los principios cristianos y los ideales de buen esp\u00edritu deportivo, dirigido a ni\u00f1os y ni\u00f1as en los grados 4 al 8. Los objetivos principales incluyen:<\/p>\n<ol>\n<li><strong><u>Desarrollo de habilidades atl\u00e9ticas:<\/u><\/strong> Fomentar habilidades relacionadas con el logro atl\u00e9tico.<\/li>\n<li><u><strong>Promoci\u00f3n del esp\u00edritu deportivo:<\/strong>:<\/u> Inculcar cualidades que reflejen un buen esp\u00edritu deportivo.<\/li>\n<li><strong><u>Fomento del esp\u00edritu de equipo:<\/u><\/strong> Desarrollar un sentido de esp\u00edritu de equipo y responsabilidad al apreciar los logros individuales.<\/li>\n<li><strong><u>Facilitaci\u00f3n de una competencia saludable:<\/u><\/strong> Proporcionar experiencias de competencia saludable y justa.<\/li>\n<\/ol>\n<p><img loading=\"lazy\" decoding=\"async\" src=\"https:\/\/stjohntucson.org\/wp-content\/uploads\/2024\/01\/dbeb3e41-0d01-4659-a1bf-aa5cf73312bb-1024x540.jpg\" alt=\"\" width=\"960\" height=\"506\" \/><\/p>\n<hr \/>\n<h3>Estructura del Programa:<\/h3>\n<p>Los estudiantes pueden participar en tres temporadas deportivas diferentes: voleibol, baloncesto y atletismo. El programa de nivel Junior Varsity, que comienza en el 4\u00ba grado, se centra principalmente en el desarrollo de habilidades y prepara a los atletas para el pr\u00f3ximo nivel de competici\u00f3n. El programa de nivel Varsity, abierto para estudiantes de 6\u00ba a 8\u00ba grado mediante pruebas, ofrece un nivel de competici\u00f3n m\u00e1s alto preparando a los estudiantes para el deporte de la escuela secundaria.<\/p>\n<hr \/>\n<h3>Requisitos para Participar:<\/h3>\n<p>A completed physical examination form must be submitted to the school office before the first day of practice. Physical examinations are valid for one year, and the required Diocesan Sports Medical Form is available in the school office. Permission forms and sports fees must be submitted and paid at the school office. Fees contribute to the cost of the sports program, including officials&#8217; payments, and are due for each sport in which a student participates.<\/p>\n<hr \/>\n<h3>Participaci\u00f3n de los Padres:<\/h3>\n<ul>\n<li>\n<ul>\n<li><u>Conducci\u00f3n:<\/u> Los padres que conducen a los estudiantes a o desde actividades extracurriculares deben cumplir con todos los requisitos de seguridad infantil de la Di\u00f3cesis o parroquia. Adem\u00e1s, la pol\u00edtica diocesana requiere que los conductores tengan 25 a\u00f1os de edad.<\/li>\n<li><u>Entrenamiento:<\/u> Como participante y seguidor del programa deportivo diocesano, el entrenador se comportar\u00e1 de manera coherente con los valores y ense\u00f1anzas de la fe cristiana cat\u00f3lica y seguir\u00e1 las reglas y procedimientos descritos en el Manual Deportivo Diocesano.<\/li>\n<li><u>Conducta apropiada:<\/u> Uno de los principales objetivos de nuestro programa es desarrollar cualidades en nuestros atletas que reflejen un buen esp\u00edritu deportivo. Se espera que los padres y fan\u00e1ticos modelen un buen esp\u00edritu deportivo respetando a entrenadores, jugadores y \u00e1rbitros.<\/li>\n<\/ul>\n<\/li>\n<\/ul>\n<hr \/>\n<p><img decoding=\"async\" src=\"https:\/\/stjohntucson.org\/wp-content\/uploads\/2020\/03\/athletics-150x150.png\" alt=\"\" \/><\/p>\n<h3>Temporadas Deportivas<\/h3>\n<strong>Oto\u00f1o:<\/strong><br \/>\nBaloncesto para ni\u00f1os<br \/>\nVoleibol para ni\u00f1as\n<strong>Invierno:<\/strong><br \/>\nVoleibol para ni\u00f1os<br \/>\nBaloncesto para ni\u00f1as\n<strong>Primavera:<\/strong><br \/>\nAtletismo para ni\u00f1os y ni\u00f1as\n<p>*Los ni\u00f1os y ni\u00f1as rotan comenzando cada temporada de manera anual.<\/p>\n<p><img loading=\"lazy\" decoding=\"async\" src=\"https:\/\/stjohntucson.org\/wp-content\/uploads\/2024\/01\/81ebbb5f-a61e-49b4-bd73-b3ea9f9362a6-1024x540.jpg\" alt=\"\" width=\"960\" height=\"506\" \/><\/p>","protected":false},"excerpt":{"rendered":"<p>The Diocesan after-school sports program is designed to provide positive and well-organized activities that contribute to the holistic development of every child. Our program serves as a model for Christian principles and the ideals of good sportsmanship, catering to boys and girls in grades 4 through 8. The primary goals and objectives include: Development of Athletic Skills: Fostering skills related to athletic achievement. Promotion of Sportsmanship: Instilling qualities that reflect good sportsmanship. Encouragement of Team Spirit: Developing a sense of team spirit and responsibility while appreciating individual accomplishments. Facilitation of Healthy Competition: Providing experiences of healthy, fair competition. Program Structure: Students can engage in three separate sports seasons: volleyball, basketball, and track. The Junior Varsity level program, starting in 4th grade, primarily focuses on skill development and prepares athletes for the next level of competition. The Varsity level program, open to 6th-8th graders on a tryout basis, offers a higher level of competition preparing students for high school athletics. Requirements to Participate: A completed physical examination form must be submitted to the school office before the first day of practice. Physical examinations are valid for one year, and the required Diocesan Sports Medical Form is available in the school office. Permission forms and sports fees must be submitted and paid at the school office. Fees contribute to the cost of the sports program, including officials&#8217; payments, and are due for each sport in which a student participates. Parental Involvement: Driving: Parents driving students to or from extracurricular activities must fulfill all child safety requirements of the Diocese or parish, and Diocesan policy requires drivers to be 25 years of age. Coaching: Coaches are expected to conduct themselves in a manner consistent with the values of the Catholic Christian faith and adhere to the rules outlined in the Diocesan Sports Handbook. Appropriate Behavior: Emphasizing good sportsmanship, parents and fans are expected to model respectful behavior towards coaches, players, and officials. Sports Seasons Fall: Boys Basketball Girls Volleyball Winter: Boys Volleyball Girls Basketball Spring: Boys and Girls Track &amp; Field * Boys and girls rotate starting each season on a yearly basis.<\/p>","protected":false},"author":1,"featured_media":0,"parent":0,"menu_order":0,"comment_status":"closed","ping_status":"closed","template":"","meta":{"_coblocks_attr":"","_coblocks_dimensions":"","_coblocks_responsive_height":"","_coblocks_accordion_ie_support":"","footnotes":""},"class_list":["post-195","page","type-page","status-publish","hentry"],"_links":{"self":[{"href":"https:\/\/stjohntucson.org\/es\/wp-json\/wp\/v2\/pages\/195","targetHints":{"allow":["GET"]}}],"collection":[{"href":"https:\/\/stjohntucson.org\/es\/wp-json\/wp\/v2\/pages"}],"about":[{"href":"https:\/\/stjohntucson.org\/es\/wp-json\/wp\/v2\/types\/page"}],"author":[{"embeddable":true,"href":"https:\/\/stjohntucson.org\/es\/wp-json\/wp\/v2\/users\/1"}],"replies":[{"embeddable":true,"href":"https:\/\/stjohntucson.org\/es\/wp-json\/wp\/v2\/comments?post=195"}],"version-history":[{"count":18,"href":"https:\/\/stjohntucson.org\/es\/wp-json\/wp\/v2\/pages\/195\/revisions"}],"predecessor-version":[{"id":2630,"href":"https:\/\/stjohntucson.org\/es\/wp-json\/wp\/v2\/pages\/195\/revisions\/2630"}],"wp:attachment":[{"href":"https:\/\/stjohntucson.org\/es\/wp-json\/wp\/v2\/media?parent=195"}],"curies":[{"name":"wp","href":"https:\/\/api.w.org\/{rel}","templated":true}]}}