{"id":200,"date":"2019-12-28T17:21:10","date_gmt":"2019-12-29T00:21:10","guid":{"rendered":"https:\/\/stjohntucson.org\/?page_id=200"},"modified":"2024-01-04T09:41:34","modified_gmt":"2024-01-04T16:41:34","slug":"tucson-catholic-high-schools","status":"publish","type":"page","link":"https:\/\/stjohntucson.org\/es\/tucson-catholic-high-schools\/","title":{"rendered":"Escuelas Preparatorias Cat\u00f3licas"},"content":{"rendered":"<h3><img loading=\"lazy\" decoding=\"async\" src=\"https:\/\/stjohntucson.org\/wp-content\/uploads\/2024\/01\/9.png\" alt=\"\" width=\"1584\" height=\"396\" \/><\/h3>\n<p>At St. John the Evangelist Catholic School, we strongly encourage all families to explore the excellent educational opportunities offered by Tucson&#8217;s four esteemed Catholic High Schools:<\/p>\n<ul>\n<li><a href=\"https:\/\/www.salpointe.org\/\">Salpointe Catholic High School<\/a><\/li>\n<li><a href=\"https:\/\/www.ihschool.org\/\">Immaculate Heart High School<\/a><\/li>\n<li><a href=\"https:\/\/www.staugustinehigh.com\/\">St. Augustine Catholic High School<\/a><\/li>\n<li><a href=\"http:\/\/www.sanmiguelcristorey.org\/\">San Miguel High School<\/a><\/li>\n<\/ul>\n<figure><img decoding=\"async\" src=\"https:\/\/stjohntucson.org\/wp-content\/uploads\/2020\/03\/tucson-catholic-high-schools-150x150.png\" alt=\"\" \/><\/figure>\n<p>Para facilitar esta exploraci\u00f3n, San Juan brinda a los estudiantes de octavo grado la oportunidad de visitar estas escuelas secundarias cat\u00f3licas durante el a\u00f1o acad\u00e9mico. Estas visitas tienen como objetivo proporcionar a los estudiantes informaci\u00f3n de primera mano sobre los programas distintivos y los entornos que cada escuela ofrece.<\/p>\n<p>Se requieren ex\u00e1menes de ingreso para la admisi\u00f3n a las escuelas secundarias cat\u00f3licas y pueden incluir un proceso de entrevista. Es esencial que los estudiantes interesados y sus familias se mantengan informados sobre las fechas l\u00edmite de inscripci\u00f3n y los horarios de los ex\u00e1menes de ubicaci\u00f3n. Para obtener informaci\u00f3n detallada, recomendamos comunicarse con la Oficina del Registrador de la escuela secundaria correspondiente. Tomar estos pasos asegura una transici\u00f3n sin problemas y aumenta la probabilidad de una experiencia educativa enriquecedora para nuestros estudiantes.<\/p>","protected":false},"excerpt":{"rendered":"<p>At St. John the Evangelist Catholic School, we strongly encourage all families to explore the excellent educational opportunities offered by Tucson&#8217;s four esteemed Catholic High Schools: Salpointe Catholic High School Immaculate Heart High School St. Augustine Catholic High School San Miguel High School To facilitate this exploration, St. John provides 8th-grade students with the opportunity to visit these Catholic high schools during the academic year. These visits aim to give students firsthand insights into the distinctive programs and environments each school offers. Entrance exams are a standard requirement for admission to Catholic High Schools and may include an interview process. It is essential for interested students and their families to stay informed about registration deadlines and the schedule for placement tests. For detailed information, we recommend reaching out to the Registrar Office of the respective high school. Taking these steps ensures a smooth transition and enhances the likelihood of a fulfilling high school experience for our students.<\/p>","protected":false},"author":1,"featured_media":0,"parent":0,"menu_order":0,"comment_status":"closed","ping_status":"closed","template":"","meta":{"_coblocks_attr":"","_coblocks_dimensions":"","_coblocks_responsive_height":"","_coblocks_accordion_ie_support":"","footnotes":""},"class_list":["post-200","page","type-page","status-publish","hentry"],"_links":{"self":[{"href":"https:\/\/stjohntucson.org\/es\/wp-json\/wp\/v2\/pages\/200","targetHints":{"allow":["GET"]}}],"collection":[{"href":"https:\/\/stjohntucson.org\/es\/wp-json\/wp\/v2\/pages"}],"about":[{"href":"https:\/\/stjohntucson.org\/es\/wp-json\/wp\/v2\/types\/page"}],"author":[{"embeddable":true,"href":"https:\/\/stjohntucson.org\/es\/wp-json\/wp\/v2\/users\/1"}],"replies":[{"embeddable":true,"href":"https:\/\/stjohntucson.org\/es\/wp-json\/wp\/v2\/comments?post=200"}],"version-history":[{"count":8,"href":"https:\/\/stjohntucson.org\/es\/wp-json\/wp\/v2\/pages\/200\/revisions"}],"predecessor-version":[{"id":2508,"href":"https:\/\/stjohntucson.org\/es\/wp-json\/wp\/v2\/pages\/200\/revisions\/2508"}],"wp:attachment":[{"href":"https:\/\/stjohntucson.org\/es\/wp-json\/wp\/v2\/media?parent=200"}],"curies":[{"name":"wp","href":"https:\/\/api.w.org\/{rel}","templated":true}]}}