{"id":206,"date":"2019-12-28T22:29:09","date_gmt":"2019-12-29T05:29:09","guid":{"rendered":"https:\/\/stjohntucson.org\/?page_id=206"},"modified":"2024-01-04T12:16:42","modified_gmt":"2024-01-04T19:16:42","slug":"scholarships","status":"publish","type":"page","link":"https:\/\/stjohntucson.org\/es\/scholarships\/","title":{"rendered":"Becas"},"content":{"rendered":"<h3><img loading=\"lazy\" decoding=\"async\" src=\"https:\/\/stjohntucson.org\/wp-content\/uploads\/2024\/01\/9.png\" alt=\"\" width=\"1584\" height=\"396\" \/><\/h3>\n<p><a href=\"https:\/\/stjohntucson.org\/wp-content\/uploads\/2023\/02\/Scholarships-Sheet-23-24.docx\">Cuadro de Becas 2023-2024<\/a><\/p>\n<p>Estimados padres de la Escuela Cat\u00f3lica de San Juan Evangelista (SJE),<\/p>\n<p>It&#8217;s time to apply for scholarships for the upcoming school year (2023-2024). Please click on the heading link above to access a list of scholarships and their submission deadlines that are currently open for enrollment. We encourage you to complete the scholarship applications as soon as possible. If you need assistance, feel free to contact the enrollment office at SJE to schedule an appointment with Karla Ruiz (kruiz@stjohntucson.org) or Maria Purdy (mpurdy@stjohntucson.org). We are here to assist you in maximizing your tuition benefits.<\/p>\n<p>Tengan en cuenta un ligero aumento en la colegiatura a $7,400.00 para el pr\u00f3ximo a\u00f1o escolar. Aseg\u00farense de presentar sus solicitudes de becas a tiempo seg\u00fan las fechas l\u00edmite especificadas.<\/p>\n<p>Al momento de la inscripci\u00f3n para nuevos estudiantes o la reinscripci\u00f3n para estudiantes que regresan, los padres se reunir\u00e1n con el Gerente de Matr\u00edcula\/Becas para evaluar sus necesidades financieras y completar las solicitudes de becas necesarias (tengan en cuenta que algunas solicitudes pueden tener cuotas). Si los padres necesitan ayuda para solicitar becas, pueden programar una cita y el personal de San Juan les ayudar\u00e1 a completar la solicitud.<\/p>\n<p>A continuaci\u00f3n, se presenta una lista de opciones recomendadas de becas y asistencia financiera. Agradecemos su pronta atenci\u00f3n a este asunto.<\/p>\n<p>Muchas gracias y que Dios los bendiga siempre.<\/p>\n<hr \/>\n<p>&nbsp;<\/p>\n<figure><img loading=\"lazy\" decoding=\"async\" src=\"https:\/\/stjohntucson.org\/wp-content\/uploads\/2020\/02\/scholarships-arizona-department-education.png\" alt=\"\" width=\"208\" height=\"56\" \/><\/figure>\n<p>&nbsp;<\/p>\n<h3><a href=\"https:\/\/www.azed.gov\/esa\/\" target=\"_blank\" rel=\"noreferrer noopener\" aria-label=\" (opens in a new tab)\">Cuenta de Becas de Empoderamiento (ESA) del Departamento de Educaci\u00f3n de Arizona<\/a><\/h3>\n<p>An Empowerment Scholarship Account (ESA) is an account established to provide an education for qualified disabled and non-disabled students. The programs&#8217; main purpose is to provide options for parents to freely choose how and where to educate their children with financial assistance from the state.<\/p>\n<hr \/>\n<figure><img decoding=\"async\" src=\"https:\/\/stjohntucson.org\/wp-content\/uploads\/2020\/02\/scholarships-arizona-school-choice-trust.png\" alt=\"\" \/><\/figure>\n<p>&nbsp;<\/p>\n<h3><a href=\"https:\/\/forms.tads.com\/org\/asct\/asct-splash\/\" target=\"_blank\" rel=\"noreferrer noopener\" aria-label=\" (opens in a new tab)\">Arizona School Choice Trust (ASCT)<\/a><\/h3>\n<p>Arizona School Choice Trust es una organizaci\u00f3n de colegiatura escolar aprobada por el estado y certificada para recibir contribuciones de cr\u00e9dito fiscal. La misi\u00f3n de ASCT es proporcionar esperanza y oportunidad para ni\u00f1os de bajos ingresos, ni\u00f1os de crianza y ni\u00f1os con discapacidades a trav\u00e9s de becas de escuelas privadas.<\/p>\n<hr \/>\n<p><img decoding=\"async\" src=\"https:\/\/stjohntucson.org\/wp-content\/uploads\/2020\/02\/scholarships-catholic-tuition-support-organization.png\" alt=\"\" \/><\/p>\n<p>&nbsp;<\/p>\n<h3><a href=\"https:\/\/fairapp.com\/login.aspx?ReturnUrl=%2fapps%2fdefault.aspx\" target=\"_blank\" rel=\"noreferrer noopener\" aria-label=\" (opens in a new tab)\">Organizaci\u00f3n Cat\u00f3lica de Apoyo a la Colegiatura (CTSO)<\/a><\/h3>\n<p>CTSO ha brindado a los estudiantes la oportunidad de una educaci\u00f3n centrada en valores morales, acad\u00e9micos y llenos de fe. Hasta la fecha, CTSO ha otorgado becas de colegiatura a m\u00e1s de 30,000 estudiantes. Todo fue posible gracias a las generosas contribuciones de la comunidad p\u00fablica y corporativa, el Cr\u00e9dito Tributario de Colegiatura de Escuelas Privadas y el Cr\u00e9dito Tributario de Colegiatura Corporativa.<\/p>\n<hr \/>\n<p><img loading=\"lazy\" decoding=\"async\" src=\"https:\/\/stjohntucson.org\/wp-content\/uploads\/2020\/02\/AAA-Scholarship-Foundation.png\" alt=\"\" width=\"204\" height=\"70\" \/><\/p>\n<p>&nbsp;<\/p>\n<h3><a href=\"https:\/\/www.aaascholarships.org\/parents\/arizona\/\" target=\"_blank\" rel=\"noreferrer noopener\" aria-label=\" (opens in a new tab)\">Fundaci\u00f3n de Becas AAA<\/a><\/h3>\n<p>El equipo de la Fundaci\u00f3n de Becas AAA ha invertido m\u00e1s de 15 a\u00f1os dedicados a abogar apasionadamente por los miembros de nuestras comunidades desatendidos, subrepresentados y en desventaja acad\u00e9mica. Descubra c\u00f3mo puede contribuir a cambiar el futuro de alguien que lo necesita a trav\u00e9s de su donaci\u00f3n de cr\u00e9dito fiscal.<\/p>\n<hr \/>\n<figure><img loading=\"lazy\" decoding=\"async\" src=\"https:\/\/stjohntucson.org\/wp-content\/uploads\/2020\/02\/arizona-leadership-foundation.png\" alt=\"\" width=\"200\" height=\"61\" \/><\/figure>\n<p>&nbsp;<\/p>\n<h3><a href=\"https:\/\/arizonaleader.org\/\" target=\"_blank\" rel=\"noreferrer noopener\" aria-label=\" (opens in a new tab)\">Fundaci\u00f3n de Liderazgo de Arizona (ALF)<\/a><\/h3>\n<p><strong>(Solicitud en papel a trav\u00e9s de la oficina de la escuela, abril-mayo)<\/strong><\/p>\n<p>The Arizona Leadership Foundation proudly provides scholarship assistance to private schools and Lexie&#8217;s Law schools throughout Arizona with no preference to religious or political affiliation. We believe parents should have a choice when it comes to the education of their children &#8211; that&#8217;s our mission!<\/p>\n<hr \/>\n<hr \/>\n<figure><img loading=\"lazy\" decoding=\"async\" src=\"https:\/\/stjohntucson.org\/wp-content\/uploads\/2020\/02\/Institute-for-Better-Education-1.png\" alt=\"\" width=\"207\" height=\"37\" \/><\/figure>\n<p>&nbsp;<\/p>\n<h3><a href=\"https:\/\/ibescholarships.org\/wp-content\/uploads\/2023\/02\/Fillable-2023-24-Application-2.pdf\" target=\"_blank\" rel=\"noreferrer noopener\" aria-label=\"Institute for Better Education (IBE) (opens in a new tab)\">Instituto para una mejor educaci\u00f3n (IBE)<\/a><\/h3>\n<p>The Institute for Better Education (IBE) is committed to removing financial obstacles that stand in a family&#8217;s way of providing K-12 education for their children through the Arizona private school tax credit program. Parents have been able to turn to IBE since 1998 to pay for the right school for their child&#8217;s needs.<\/p>\n<hr \/>\n<img loading=\"lazy\" decoding=\"async\" src=\"https:\/\/stjohntucson.org\/wp-content\/uploads\/2020\/02\/Brophy-Community-Foundation-Logo.png\" alt=\"\" width=\"256\" height=\"56\" \/>\n<p>&nbsp;<\/p>\n<h3><a href=\"https:\/\/brophyfoundation.org\/apply\" target=\"_blank\" rel=\"noreferrer noopener\" aria-label=\"Brophy (opens in a new tab)\">Fundaci\u00f3n Comunitaria de Brophy<\/a><\/h3>\n<p>Guided by Jesuit principles, Brophy Community Foundation&#8217;s mission is to ensure that students with a verified financial need can afford a quality private education. Brophy awards tuition aid to students with verified financial need attending one of its partner schools.<\/p>","protected":false},"excerpt":{"rendered":"<p>23-24 Scholarship Chart Dear Parents of St. John the Evangelist Catholic School (SJE), It&#8217;s time to apply for scholarships for the upcoming school year (2023-2024). Please click on the heading link above to access a list of scholarships and their submission deadlines that are currently open for enrollment. We encourage you to complete the scholarship applications as soon as possible. If you need assistance, feel free to contact the enrollment office at SJE to schedule an appointment with Karla Ruiz (kruiz@stjohntucson.org) or Maria Purdy (mpurdy@stjohntucson.org). We are here to assist you in maximizing your tuition benefits. Please be aware of a slight tuition increase to $7,400.00 for the upcoming school year. Ensure the timely submission of your scholarship applications by the specified deadlines. Upon enrollment for new students or re-enrollment for returning students, parents will meet with the Tuition\/Scholarship Manager to assess their financial need and complete the necessary scholarship applications (note that some applications may have fees). If parents require assistance in applying for scholarships, they may schedule an appointment, and the St. John staff will provide support in completing the application. Below is a list of recommended scholarship and tuition assistance options. We appreciate your prompt attention to this matter. Thank you very much, and may God bless you always. &nbsp; &nbsp; Arizona Department of Education Empowerment Scholarship Account (ESA) An Empowerment Scholarship Account (ESA) is an account established to provide an education for qualified disabled and non-disabled students. The programs&#8217; main purpose is to provide options for parents to freely choose how and where to educate their children with financial assistance from the state. &nbsp; Arizona School Choice Trust (ASCT) Arizona School Choice Trust is a state-approved School Tuition Organization certified to receive tax credit contributions. The mission of ASCT is to provide hope and opportunity for low-income children, foster children and children with disabilities through private school scholarships. &nbsp; Catholic Tuition Support Organization (CTSO) CTSO has provided students with the opportunity for an education centered in moral, academic and faith-filled values. To date, CTSO has awarded tuition scholarships to more than 30,000 students. All made possible through the generous contributions of the public and corporate community, the Private School Tuition Tax Credit and the Corporate Tuition Tax Credit. &nbsp; AAA Scholarship Foundation The AAA Scholarship Foundation team has invested more than 15 years devoted to passionately advocating for the under-served, under-represented and academically disadvantaged members of our communities. Find out how you can contribute to change the future of someone in need through your tax credit donation. &nbsp; Arizona Leadership Foundation (ALF) (Paper Application through School Office, April-May) The Arizona Leadership Foundation proudly provides scholarship assistance to private schools and Lexie&#8217;s Law schools throughout Arizona with no preference to religious or political affiliation. We believe parents should have a choice when it comes to the education of their children &#8211; that&#8217;s our mission! &nbsp; Institute for Better Education (IBE) The Institute for Better Education (IBE) is committed to removing financial obstacles that stand in a family&#8217;s way of providing K-12 education for their children through the Arizona private school tax credit program. Parents have been able to turn to IBE since 1998 to pay for the right school for their child&#8217;s needs. &nbsp; Brophy Community Foundation Guided by Jesuit principles, Brophy Community Foundation&#8217;s mission is to ensure that students with a verified financial need can afford a quality private education. Brophy awards tuition aid to students with verified financial need attending one of its partner schools.<\/p>","protected":false},"author":1,"featured_media":0,"parent":0,"menu_order":0,"comment_status":"closed","ping_status":"closed","template":"","meta":{"_coblocks_attr":"","_coblocks_dimensions":"","_coblocks_responsive_height":"","_coblocks_accordion_ie_support":"","footnotes":""},"class_list":["post-206","page","type-page","status-publish","hentry"],"_links":{"self":[{"href":"https:\/\/stjohntucson.org\/es\/wp-json\/wp\/v2\/pages\/206","targetHints":{"allow":["GET"]}}],"collection":[{"href":"https:\/\/stjohntucson.org\/es\/wp-json\/wp\/v2\/pages"}],"about":[{"href":"https:\/\/stjohntucson.org\/es\/wp-json\/wp\/v2\/types\/page"}],"author":[{"embeddable":true,"href":"https:\/\/stjohntucson.org\/es\/wp-json\/wp\/v2\/users\/1"}],"replies":[{"embeddable":true,"href":"https:\/\/stjohntucson.org\/es\/wp-json\/wp\/v2\/comments?post=206"}],"version-history":[{"count":33,"href":"https:\/\/stjohntucson.org\/es\/wp-json\/wp\/v2\/pages\/206\/revisions"}],"predecessor-version":[{"id":2525,"href":"https:\/\/stjohntucson.org\/es\/wp-json\/wp\/v2\/pages\/206\/revisions\/2525"}],"wp:attachment":[{"href":"https:\/\/stjohntucson.org\/es\/wp-json\/wp\/v2\/media?parent=206"}],"curies":[{"name":"wp","href":"https:\/\/api.w.org\/{rel}","templated":true}]}}