{"id":210,"date":"2019-12-28T22:40:18","date_gmt":"2019-12-29T05:40:18","guid":{"rendered":"https:\/\/stjohntucson.org\/?page_id=210"},"modified":"2024-01-04T11:30:54","modified_gmt":"2024-01-04T18:30:54","slug":"school-uniforms","status":"publish","type":"page","link":"https:\/\/stjohntucson.org\/es\/school-uniforms\/","title":{"rendered":"Uniformes Escolares"},"content":{"rendered":"<h3><img loading=\"lazy\" decoding=\"async\" src=\"https:\/\/stjohntucson.org\/wp-content\/uploads\/2024\/01\/9.png\" alt=\"\" width=\"1584\" height=\"396\" \/><\/h3>\n<h3>C\u00f3digo de Vestimenta de la Escuela Cat\u00f3lica San Juan Evangelista<\/h3>\n<p>En la Escuela Cat\u00f3lica San Juan Evangelista, hemos dise\u00f1ado cuidadosamente nuestro c\u00f3digo de vestimenta para reflejar no solo nuestro compromiso con la excelencia acad\u00e9mica, sino tambi\u00e9n para preparar a los estudiantes para las expectativas del mundo profesional. La adhesi\u00f3n a este c\u00f3digo de vestimenta es obligatoria durante todo el d\u00eda escolar, ya sea que los estudiantes est\u00e9n en clase, durante los descansos o bajo la supervisi\u00f3n del personal escolar. Creemos que inculcar un sentido de responsabilidad y profesionalismo a trav\u00e9s de un c\u00f3digo de vestimenta consistente contribuye a un entorno de aprendizaje enfocado y respetuoso.<\/p>\n<p>The dress code guidelines are explicitly outlined to specify the acceptable attire for both weekly Mass days and regular school days. It&#8217;s essential for parents\/guardians to ensure that their children comply with these guidelines, promoting a sense of pride and discipline in their appearance.<\/p>\n<p>Los detalles espec\u00edficos sobre los requisitos del uniforme, incluida la vestimenta aceptable para los d\u00edas de Misa y los d\u00edas regulares, se pueden encontrar en el actual <a href=\"\/wp-content\/uploads\/2020\/01\/UNIFORMS-FOR-BOYS-AND-GIRLS-2019-2020-REVISED-JULY-2019.pdf\" target=\"_blank\" rel=\"noreferrer noopener\" aria-label=\"Uniform Requirements (opens in a new tab)\">documento de Requisitos de Uniformes.<\/a><\/p>\n<hr \/>\n<h3>D\u00f3nde Comprar:<\/h3>\n<p>Con la excepci\u00f3n de la camisa polo escolar y las camisas y blusas para la Misa, todos los dem\u00e1s art\u00edculos de ropa se pueden comprar c\u00f3modamente en tiendas locales como Target, Walmart y establecimientos similares.<\/p>\n<p>Para obtener informaci\u00f3n detallada sobre nuestras pol\u00edticas de c\u00f3digo de vestimenta, consulte el <a href=\"https:\/\/stjohntucson.org\/wp-content\/uploads\/2023\/02\/Parent-Student-Handbook-2022-23-Revision-1.pdf\" target=\"_blank\" rel=\"noreferrer noopener\" aria-label=\"undefined (opens in a new tab)\">Manual para Padres\/Estudiantes.<\/a><\/p>","protected":false},"excerpt":{"rendered":"<p>St. John the Evangelist Catholic School Dress Code At St. John the Evangelist Catholic School, we have carefully crafted our dress code to not only reflect our commitment to academic excellence but also to prepare students for the expectations of the professional world. Adherence to this dress code is mandatory throughout the entire school day, whether students are in class, during breaks, or under the supervision of school staff. We believe that instilling a sense of responsibility and professionalism through a consistent dress code contributes to a focused and respectful learning environment. The dress code guidelines are explicitly outlined to specify the acceptable attire for both weekly Mass days and regular school days. It&#8217;s essential for parents\/guardians to ensure that their children comply with these guidelines, promoting a sense of pride and discipline in their appearance. Specific details regarding uniform requirements, including acceptable attire for Mass days and regular days, can be found in the current Uniform Requirements Document. Where to Purchase: With the exception of the school polo shirt and Mass shirts and blouses, all other clothing items can be conveniently purchased at local stores such as Target, Walmart, and similar outlets. For comprehensive information on our dress code policies, please refer to the Parent\/Student Handbook.<\/p>","protected":false},"author":1,"featured_media":0,"parent":0,"menu_order":0,"comment_status":"closed","ping_status":"closed","template":"","meta":{"_coblocks_attr":"","_coblocks_dimensions":"","_coblocks_responsive_height":"","_coblocks_accordion_ie_support":"","footnotes":""},"class_list":["post-210","page","type-page","status-publish","hentry"],"_links":{"self":[{"href":"https:\/\/stjohntucson.org\/es\/wp-json\/wp\/v2\/pages\/210","targetHints":{"allow":["GET"]}}],"collection":[{"href":"https:\/\/stjohntucson.org\/es\/wp-json\/wp\/v2\/pages"}],"about":[{"href":"https:\/\/stjohntucson.org\/es\/wp-json\/wp\/v2\/types\/page"}],"author":[{"embeddable":true,"href":"https:\/\/stjohntucson.org\/es\/wp-json\/wp\/v2\/users\/1"}],"replies":[{"embeddable":true,"href":"https:\/\/stjohntucson.org\/es\/wp-json\/wp\/v2\/comments?post=210"}],"version-history":[{"count":12,"href":"https:\/\/stjohntucson.org\/es\/wp-json\/wp\/v2\/pages\/210\/revisions"}],"predecessor-version":[{"id":2518,"href":"https:\/\/stjohntucson.org\/es\/wp-json\/wp\/v2\/pages\/210\/revisions\/2518"}],"wp:attachment":[{"href":"https:\/\/stjohntucson.org\/es\/wp-json\/wp\/v2\/media?parent=210"}],"curies":[{"name":"wp","href":"https:\/\/api.w.org\/{rel}","templated":true}]}}