{"id":214,"date":"2020-01-12T16:18:50","date_gmt":"2020-01-12T23:18:50","guid":{"rendered":"https:\/\/stjohntucson.org\/?page_id=214"},"modified":"2024-02-12T09:35:30","modified_gmt":"2024-02-12T16:35:30","slug":"tuition-and-fees","status":"publish","type":"page","link":"https:\/\/stjohntucson.org\/es\/tuition-and-fees\/","title":{"rendered":"Colegiatura y Cuotas"},"content":{"rendered":"<h3><img loading=\"lazy\" decoding=\"async\" src=\"https:\/\/stjohntucson.org\/wp-content\/uploads\/2024\/01\/9.png\" alt=\"\" width=\"1584\" height=\"396\" \/><\/h3>\n<figure><img decoding=\"async\" src=\"https:\/\/stjohntucson.org\/wp-content\/uploads\/2020\/01\/IMG_20181101_081648_Horiz_crop-scaled.jpg\" alt=\"\" \/><\/figure>\n<p>En St. John the Evangelist, trabajamos con cada familia para hacer posible la educaci\u00f3n cat\u00f3lica para todos, mediante <a href=\"\/es\/scholarships\/\">becas de cr\u00e9dito fiscal de Arizona<\/a> y otras formas de asistencia. Los estudiantes que califican para el <a href=\"https:\/\/www.fns.usda.gov\/nslp\" target=\"_blank\" rel=\"noreferrer noopener\" aria-label=\"free or reduced school lunch program (opens in a new tab)\">programa de almuerzo escolar gratuito o reducido<\/a> pueden calificar autom\u00e1ticamente para becas para asistir a St. John the Evangelist Catholic School.<\/p>\n<p>Todas las Cuotas de matr\u00edcula y pagos para la cafeter\u00eda, el Programa de Aprendizaje Extendido y otros cargos incidentales se realizan en l\u00ednea a trav\u00e9s del sistema FACTS, que se vincula directamente a su cuenta bancaria o tarjeta.<\/p>\n<p>Si tiene alguna pregunta sobre la colegiatura o el proceso de solicitud de becas, no dude en ponerse en contacto con nosotros a trav\u00e9s de nuestra <a href=\"\/es\/contact-us\/\">Contactanos<\/a> Pagna, Estamos aqu\u00ed para ayudarle.<\/p>","protected":false},"excerpt":{"rendered":"<p>At St. John the Evangelist, we collaborate with every family to ensure that Catholic education is accessible to all. This commitment is reinforced through Arizona tax credit scholarships and various forms of assistance. Families with students eligible for the free or reduced school lunch program may automatically qualify for scholarships to support their attendance at St. John the Evangelist Catholic School. To streamline the payment process, we use the FACTS system for all tuition, cafeteria, Extended Learning Program, and other incidental charges. This online system offers the convenience of direct links to your bank account or card for secure transactions. If you have any questions regarding tuition or the scholarship application process, please feel free to reach out to us through our Contact Us page. We are here to assist you.<\/p>","protected":false},"author":1,"featured_media":0,"parent":0,"menu_order":0,"comment_status":"closed","ping_status":"closed","template":"","meta":{"_coblocks_attr":"","_coblocks_dimensions":"","_coblocks_responsive_height":"","_coblocks_accordion_ie_support":"","footnotes":""},"class_list":["post-214","page","type-page","status-publish","hentry"],"_links":{"self":[{"href":"https:\/\/stjohntucson.org\/es\/wp-json\/wp\/v2\/pages\/214","targetHints":{"allow":["GET"]}}],"collection":[{"href":"https:\/\/stjohntucson.org\/es\/wp-json\/wp\/v2\/pages"}],"about":[{"href":"https:\/\/stjohntucson.org\/es\/wp-json\/wp\/v2\/types\/page"}],"author":[{"embeddable":true,"href":"https:\/\/stjohntucson.org\/es\/wp-json\/wp\/v2\/users\/1"}],"replies":[{"embeddable":true,"href":"https:\/\/stjohntucson.org\/es\/wp-json\/wp\/v2\/comments?post=214"}],"version-history":[{"count":23,"href":"https:\/\/stjohntucson.org\/es\/wp-json\/wp\/v2\/pages\/214\/revisions"}],"predecessor-version":[{"id":2645,"href":"https:\/\/stjohntucson.org\/es\/wp-json\/wp\/v2\/pages\/214\/revisions\/2645"}],"wp:attachment":[{"href":"https:\/\/stjohntucson.org\/es\/wp-json\/wp\/v2\/media?parent=214"}],"curies":[{"name":"wp","href":"https:\/\/api.w.org\/{rel}","templated":true}]}}