{"id":220,"date":"2019-12-26T20:43:23","date_gmt":"2019-12-27T03:43:23","guid":{"rendered":"https:\/\/stjohntucson.org\/?page_id=220"},"modified":"2024-01-04T12:29:31","modified_gmt":"2024-01-04T19:29:31","slug":"support-st-john-tucson","status":"publish","type":"page","link":"https:\/\/stjohntucson.org\/es\/support-st-john-tucson\/","title":{"rendered":"Ap\u00f3yanos"},"content":{"rendered":"<h3><img loading=\"lazy\" decoding=\"async\" src=\"https:\/\/stjohntucson.org\/wp-content\/uploads\/2024\/01\/1.png\" alt=\"\" width=\"1584\" height=\"396\" \/><\/h3>\n<p>The vision of St. John the Evangelist Parish and School, established by its founders, underscores the significance of a Catholic education for the families within the parish. Why should we rally behind our founders&#8217; vision for St. John&#8217;s School?<\/p>\n<p><img decoding=\"async\" src=\"https:\/\/stjohntucson.org\/wp-content\/uploads\/2020\/02\/way-truth-life.jpg\" alt=\"\" \/><\/p>\n<ul>\n<li><strong>Verdad:<\/strong>\u00a0Catholic schools impart the truth found in Christ&#8217;s church. An education grounded in biblical truth equips our youth to make well-informed decisions throughout their lives.<\/li>\n<li><strong>Fe Diaria:<\/strong> Faith is interwoven into our everyday lives, extending beyond Sundays. Students at St. John&#8217;s private school are surrounded by individuals who live out the Catholic vocation to love God and one another in mind, heart, and deed. We teach with a focused eye on our faith.<\/li>\n<li><strong>Misa Semanal:<\/strong>Nuestros estudiantes asisten a misa al menos una vez a la semana durante el a\u00f1o escolar. Junto con la misa dominical, esto les proporciona un segundo momento de adoraci\u00f3n cada semana.<strong><br \/>\n<\/strong><\/li>\n<li><strong>Tama\u00f1o de Clase:<\/strong>\u00a0Las escuelas cat\u00f3licas suelen ser m\u00e1s peque\u00f1as que las escuelas p\u00fablicas. Esto significa que los maestros pueden desarrollar eficazmente sus lecciones para sus estudiantes y ofrecer m\u00e1s apoyo individual. El tama\u00f1o de clase y de escuela m\u00e1s peque\u00f1o tambi\u00e9n ayuda a crear una comunidad m\u00e1s parecida a una familia.<\/li>\n<li><strong>Participaci\u00f3n de los Padres:<\/strong>\u00a0As a Catholic school, our role in educating students is in support of parents, who are their child&#8217;s first and greatest teachers. Parents can trust that we will teach their children the morals and principles proclaimed in the Gospel.<\/li>\n<\/ul>\n<p>Your support in time, talent, and treasure enhances the school&#8217;s resources for its educational ministry. Thank you for endorsing the mission of St. John the Evangelist Catholic School in Tucson, Arizona.<\/p>\n<ul>\n<li><strong><a href=\"\/es\/donate\/\">Donar<\/a><\/strong><\/li>\n<li><strong><a href=\"\/es\/volunteer-opportunities\/\">Oportunidades de Voluntariado<\/a><\/strong><\/li>\n<li><strong><a href=\"\/es\/other-support-opportunities\/\">Otras Oportunidades de Apoyo<\/a><\/strong><\/li>\n<\/ul>\n<figure><img loading=\"lazy\" decoding=\"async\" src=\"https:\/\/stjohntucson.org\/wp-content\/uploads\/2023\/12\/cropped-WhatsApp-Image-2023-09-25-at-7.12.24-PM.jpeg\" alt=\"\" width=\"1920\" height=\"1080\" \/><\/figure>\n<p>&nbsp;<\/p>","protected":false},"excerpt":{"rendered":"<p>The vision of St. John the Evangelist Parish and School, established by its founders, underscores the significance of a Catholic education for the families within the parish. Why should we rally behind our founders&#8217; vision for St. John&#8217;s School? Truth:\u00a0Catholic schools impart the truth found in Christ&#8217;s church. An education grounded in biblical truth equips our youth to make well-informed decisions throughout their lives. Daily Faith: Faith is interwoven into our everyday lives, extending beyond Sundays. Students at St. John&#8217;s private school are surrounded by individuals who live out the Catholic vocation to love God and one another in mind, heart, and deed. We teach with a focused eye on our faith. Weekly Mass:Our students attend Mass at least weekly during the school year, providing them with a second time of worship each week in addition to Sunday Mass. Class Size:\u00a0Catholic schools typically have smaller class sizes than public schools, allowing teachers to effectively tailor their lessons to students and provide more one-on-one support. A smaller class and school size also contribute to creating a more family-like community. Parental Involvement:\u00a0As a Catholic school, our role in educating students is in support of parents, who are their child&#8217;s first and greatest teachers. Parents can trust that we will teach their children the morals and principles proclaimed in the Gospel. Your support in time, talent, and treasure enhances the school&#8217;s resources for its educational ministry. Thank you for endorsing the mission of St. John the Evangelist Catholic School in Tucson, Arizona. Donate Volunteer Opportunities Other Support Options &nbsp;<\/p>","protected":false},"author":1,"featured_media":0,"parent":0,"menu_order":0,"comment_status":"closed","ping_status":"closed","template":"","meta":{"_coblocks_attr":"","_coblocks_dimensions":"","_coblocks_responsive_height":"","_coblocks_accordion_ie_support":"","footnotes":""},"class_list":["post-220","page","type-page","status-publish","hentry"],"_links":{"self":[{"href":"https:\/\/stjohntucson.org\/es\/wp-json\/wp\/v2\/pages\/220","targetHints":{"allow":["GET"]}}],"collection":[{"href":"https:\/\/stjohntucson.org\/es\/wp-json\/wp\/v2\/pages"}],"about":[{"href":"https:\/\/stjohntucson.org\/es\/wp-json\/wp\/v2\/types\/page"}],"author":[{"embeddable":true,"href":"https:\/\/stjohntucson.org\/es\/wp-json\/wp\/v2\/users\/1"}],"replies":[{"embeddable":true,"href":"https:\/\/stjohntucson.org\/es\/wp-json\/wp\/v2\/comments?post=220"}],"version-history":[{"count":9,"href":"https:\/\/stjohntucson.org\/es\/wp-json\/wp\/v2\/pages\/220\/revisions"}],"predecessor-version":[{"id":2529,"href":"https:\/\/stjohntucson.org\/es\/wp-json\/wp\/v2\/pages\/220\/revisions\/2529"}],"wp:attachment":[{"href":"https:\/\/stjohntucson.org\/es\/wp-json\/wp\/v2\/media?parent=220"}],"curies":[{"name":"wp","href":"https:\/\/api.w.org\/{rel}","templated":true}]}}