{"id":222,"date":"2019-12-28T08:15:21","date_gmt":"2019-12-28T15:15:21","guid":{"rendered":"https:\/\/stjohntucson.org\/?page_id=222"},"modified":"2024-01-04T12:33:57","modified_gmt":"2024-01-04T19:33:57","slug":"donate","status":"publish","type":"page","link":"https:\/\/stjohntucson.org\/es\/donate\/","title":{"rendered":"Donar"},"content":{"rendered":"<p><img loading=\"lazy\" decoding=\"async\" src=\"https:\/\/stjohntucson.org\/wp-content\/uploads\/2024\/01\/9.png\" alt=\"\" width=\"1584\" height=\"396\" \/><\/p>\n<p>En la Escuela Cat\u00f3lica de San Juan Evangelista, estamos comprometidos apasionadamente con el mantenimiento de costos educativos accesibles para nuestros estudiantes, garantizando una experiencia de aprendizaje de alta calidad y fomentando un entorno laboral \u00f3ptimo para nuestro dedicado personal. El costo de educar a nuestros estudiantes es aproximadamente un tercio menor que el de las escuelas p\u00fablicas de Arizona, siendo un testimonio de nuestra dedicaci\u00f3n inquebrantable a la educaci\u00f3n accesible. Las contribuciones financieras desempe\u00f1an un papel fundamental en capacitar a la escuela para cumplir con este compromiso. Te invitamos a unirte a nosotros para marcar la diferencia a trav\u00e9s de diversas v\u00edas de contribuci\u00f3n.<\/p>\n<ul>\n<li><strong><a href=\"https:\/\/square.link\/u\/8M4WOdYG\" target=\"_blank\" rel=\"noopener\">Donaci\u00f3n Electr\u00f3nica<\/a><\/strong> &#8211; Make a secure one-time or scheduled online gift (monthly, annually, etc.) to the school.<\/li>\n<\/ul>\n<p><img loading=\"lazy\" decoding=\"async\" src=\"https:\/\/stjohntucson.org\/wp-content\/uploads\/2023\/10\/checkout-link-qr-code.png\" alt=\"\" width=\"120\" height=\"120\" \/><\/p>\n<ul>\n<li><strong>Texto para Donar<\/strong> &#8211; Text the word <em>ENROLL<\/em> al 520-277-8240.<\/li>\n<li><strong>Cheque <\/strong>&#8211; Please make your check to &#8220;St. John the Evangelist Catholic School&#8221; and mail to our school address. On the memo, please note &#8220;General Donation&#8221;.<\/li>\n<li><strong>En Persona<\/strong> &#8211; Come by the school office during business hours to make a gift in any form (cash, check, card, etc.)<\/li>\n<\/ul>\n<p>Tu Apoyo es Invaluable para la Escuela Cat\u00f3lica de San Juan Evangelista. Con tu generosa donaci\u00f3n, desempe\u00f1as un papel crucial al brindar educaci\u00f3n de calidad e impactar positivamente en la vida de nuestros estudiantes. Ninguna contribuci\u00f3n es demasiado peque\u00f1a; cada donaci\u00f3n marca una diferencia significativa. Gracias por ser parte de este viaje transformador.<\/p>\n<p>\u00a1Agradecemos sinceramente tu apoyo!<\/p>","protected":false},"excerpt":{"rendered":"<p>At St. John the Evangelist Catholic School, we are passionately committed to maintaining affordable educational costs for our students, ensuring a high-quality learning experience, and fostering an optimal work environment for our dedicated staff. The cost of educating our students stands at approximately one-third less than that of Arizona public schools, a testament to our unwavering dedication to accessible education. Financial contributions play a pivotal role in empowering the school to uphold this commitment. We invite you to join us in making a difference through various contribution avenues. Electronic Giving &#8211; Make a secure one-time or scheduled online gift (monthly, annually, etc.) to the school. Text-to-Give &#8211; Text the word ENROLL to 520-277-8240. Gift by Check &#8211; Please make your check to &#8220;St. John the Evangelist Catholic School&#8221; and mail to our school address. On the memo, please note &#8220;General Donation&#8221;. In-Person &#8211; Come by the school office during business hours to make a gift in any form (cash, check, card, etc.) Your support means the world to St. John the Evangelist Catholic School. With your generous donation, you play a crucial role in providing quality education and positively impacting the lives of our students. No contribution is too small; every gift makes a significant difference. Thank you for being part of this transformative journey. We sincerely appreciate your support!<\/p>","protected":false},"author":1,"featured_media":0,"parent":0,"menu_order":0,"comment_status":"closed","ping_status":"closed","template":"","meta":{"_coblocks_attr":"","_coblocks_dimensions":"","_coblocks_responsive_height":"","_coblocks_accordion_ie_support":"","footnotes":""},"class_list":["post-222","page","type-page","status-publish","hentry"],"_links":{"self":[{"href":"https:\/\/stjohntucson.org\/es\/wp-json\/wp\/v2\/pages\/222","targetHints":{"allow":["GET"]}}],"collection":[{"href":"https:\/\/stjohntucson.org\/es\/wp-json\/wp\/v2\/pages"}],"about":[{"href":"https:\/\/stjohntucson.org\/es\/wp-json\/wp\/v2\/types\/page"}],"author":[{"embeddable":true,"href":"https:\/\/stjohntucson.org\/es\/wp-json\/wp\/v2\/users\/1"}],"replies":[{"embeddable":true,"href":"https:\/\/stjohntucson.org\/es\/wp-json\/wp\/v2\/comments?post=222"}],"version-history":[{"count":28,"href":"https:\/\/stjohntucson.org\/es\/wp-json\/wp\/v2\/pages\/222\/revisions"}],"predecessor-version":[{"id":2530,"href":"https:\/\/stjohntucson.org\/es\/wp-json\/wp\/v2\/pages\/222\/revisions\/2530"}],"wp:attachment":[{"href":"https:\/\/stjohntucson.org\/es\/wp-json\/wp\/v2\/media?parent=222"}],"curies":[{"name":"wp","href":"https:\/\/api.w.org\/{rel}","templated":true}]}}