{"id":247,"date":"2020-01-05T18:43:04","date_gmt":"2020-01-06T01:43:04","guid":{"rendered":"https:\/\/stjohntucson.org\/?page_id=247"},"modified":"2024-01-04T12:23:00","modified_gmt":"2024-01-04T19:23:00","slug":"safe-environment","status":"publish","type":"page","link":"https:\/\/stjohntucson.org\/es\/safe-environment\/","title":{"rendered":"Ambiente Seguro"},"content":{"rendered":"<h3><img loading=\"lazy\" decoding=\"async\" src=\"https:\/\/stjohntucson.org\/wp-content\/uploads\/2024\/01\/1.png\" alt=\"\" width=\"1584\" height=\"396\" \/><\/h3>\n<p><strong>Nuestra llamada a proteger <\/strong>Our commitment to protect extends to The Diocese of Tucson&#8217;s and St. John the Evangelist Catholic School&#8217;s &#8220;Safe Environment Program,&#8221; a mission dedicated to ensuring the safety of children, young people, and vulnerable individuals entrusted to our care in our parishes, schools, religious education classes, and other programs.<\/p>\n<p>For more information on the Diocese&#8217;s Call to Protect, please refer to the following links:<\/p>\n<ul>\n<li><strong><a href=\"https:\/\/www.diocesetucson.org\/our-call-to-protect-1\">Llamada a Proteger<\/a><\/strong><\/li>\n<li><strong><a href=\"https:\/\/www.diocesetucson.org\/our-call-to-protect-1\" data-saferedirecturl=\"https:\/\/www.google.com\/url?q=https:\/\/www.diocesetucson.org\/our-call-to-protect-1&amp;source=gmail&amp;ust=1677086186852000&amp;usg=AOvVaw1xPBN_ZFoi_c3A7XTeA-cR\">Pol\u00edtica de Protecci\u00f3n del Ambiente Seguro<\/a><\/strong><\/li>\n<li><strong><a href=\"https:\/\/news.diocesetucson.org\/\" data-saferedirecturl=\"https:\/\/www.google.com\/url?q=https:\/\/news.diocesetucson.org\/&amp;source=gmail&amp;ust=1677086186852000&amp;usg=AOvVaw0iOjBuF3qq9f-EW0LZf2t0\">Di\u00f3cesis de Tucson: Noticias en L\u00ednea\nNuevo Horizonte.<br \/>\nNew Outlook.<\/a><\/strong><\/li>\n<\/ul>\n<p>Visita el <strong><a href=\"https:\/\/www.diocesetucson.org\/\" data-saferedirecturl=\"https:\/\/www.google.com\/url?q=https:\/\/www.diocesetucson.org\/&amp;source=gmail&amp;ust=1677086186852000&amp;usg=AOvVaw332zZP_3sVK8Evm6vIap5F\">sitio web de la Di\u00f3cesis de Tucson <\/a><\/strong>para obtener recursos adicionales y las \u00faltimas actualizaciones.<\/p>\n<p>Para informar cualquier preocupaci\u00f3n de seguridad a la escuela, llame al (520) 624-3865 o comun\u00edquese con el Oficial de Cumplimiento del Ambiente Seguro. Todas las llamadas son confidenciales. Tambi\u00e9n puede completar el Formulario de Informe de Abuso Infantil de la Di\u00f3cesis. Su vigilancia y compromiso contribuyen al bienestar de nuestra comunidad.<\/p>","protected":false},"excerpt":{"rendered":"<p>Our Call to Protect: Our commitment to protect extends to The Diocese of Tucson&#8217;s and St. John the Evangelist Catholic School&#8217;s &#8220;Safe Environment Program,&#8221; a mission dedicated to ensuring the safety of children, young people, and vulnerable individuals entrusted to our care in our parishes, schools, religious education classes, and other programs. For more information on the Diocese&#8217;s Call to Protect, please refer to the following links: Call to Protect Safe Environment Protection Policy Diocese of Tucson Online News New Outlook. Visit the Diocese of Tucson website for additional resources and the latest updates. To report any safety concerns to the school, please call (520) 624-3865 or contact the Safety Environment Compliance Officer. All calls are confidential. You can also complete the Diocese Child Abuse Report Form. Your vigilance and commitment contribute to the well-being of our community.<\/p>","protected":false},"author":1,"featured_media":0,"parent":0,"menu_order":0,"comment_status":"closed","ping_status":"closed","template":"","meta":{"_coblocks_attr":"","_coblocks_dimensions":"","_coblocks_responsive_height":"","_coblocks_accordion_ie_support":"","footnotes":""},"class_list":["post-247","page","type-page","status-publish","hentry"],"_links":{"self":[{"href":"https:\/\/stjohntucson.org\/es\/wp-json\/wp\/v2\/pages\/247","targetHints":{"allow":["GET"]}}],"collection":[{"href":"https:\/\/stjohntucson.org\/es\/wp-json\/wp\/v2\/pages"}],"about":[{"href":"https:\/\/stjohntucson.org\/es\/wp-json\/wp\/v2\/types\/page"}],"author":[{"embeddable":true,"href":"https:\/\/stjohntucson.org\/es\/wp-json\/wp\/v2\/users\/1"}],"replies":[{"embeddable":true,"href":"https:\/\/stjohntucson.org\/es\/wp-json\/wp\/v2\/comments?post=247"}],"version-history":[{"count":12,"href":"https:\/\/stjohntucson.org\/es\/wp-json\/wp\/v2\/pages\/247\/revisions"}],"predecessor-version":[{"id":2527,"href":"https:\/\/stjohntucson.org\/es\/wp-json\/wp\/v2\/pages\/247\/revisions\/2527"}],"wp:attachment":[{"href":"https:\/\/stjohntucson.org\/es\/wp-json\/wp\/v2\/media?parent=247"}],"curies":[{"name":"wp","href":"https:\/\/api.w.org\/{rel}","templated":true}]}}