{"id":293,"date":"2020-01-05T17:57:07","date_gmt":"2020-01-06T00:57:07","guid":{"rendered":"https:\/\/stjohntucson.org\/?page_id=293"},"modified":"2024-01-04T12:37:19","modified_gmt":"2024-01-04T19:37:19","slug":"volunteer-opportunities","status":"publish","type":"page","link":"https:\/\/stjohntucson.org\/es\/volunteer-opportunities\/","title":{"rendered":"Oportunidades de Voluntariado"},"content":{"rendered":"<h3><img loading=\"lazy\" decoding=\"async\" src=\"https:\/\/stjohntucson.org\/wp-content\/uploads\/2024\/01\/9.png\" alt=\"\" width=\"1584\" height=\"396\" \/><\/h3>\n<p>Extendemos nuestro agradecimiento a aquellos que eligen apoyar a la escuela a trav\u00e9s del valioso regalo de su tiempo. El voluntariado es una contribuci\u00f3n preciada que nos permite invertir m\u00e1s en la instrucci\u00f3n en el aula para nuestros estudiantes. Algunos ejemplos de oportunidades de voluntariado incluyen, pero no se limitan a:<\/p>\n<ul>\n<li>Patrulla de Padres: Garantizar la seguridad de los estudiantes.<\/li>\n<li>Asistir al Personal de la Cafeter\u00eda: Apoyar durante el servicio de comidas<\/li>\n<li>Mantenimiento del Terreno: Ayudar con el mantenimiento seg\u00fan sea necesario.<\/li>\n<li>Entrenar a un Equipo Deportivo Escolar: Guiar y entrenar a j\u00f3venes atletas.<\/li>\n<li>Servir en Comit\u00e9s: Participar en la organizaci\u00f3n de padres, consejo asesor escolar, como padre de sal\u00f3n o en el grupo de trabajo de seguridad escolar.<\/li>\n<li>Oportunidades Varias: Varios roles a lo largo del a\u00f1o escolar.<\/li>\n<\/ul>\n<p>Para ser voluntario en la escuela, por favor env\u00ede una solicitud en l\u00ednea <a href=\"https:\/\/diocesetucson.org\/human-resources\/employment-opportunities\/?gnk=job&amp;gni=8a7883d06024f77d016028f97e885cc1\" target=\"_blank\" rel=\"noreferrer noopener\" aria-label=\"submit an online application here (opens in a new tab)\">aqui.<\/a><\/p>\n<p>Para ser voluntario en la parroquia, haga clic <a href=\"https:\/\/diocesetucson.org\/human-resources\/employment-opportunities\/?gnk=job&amp;gni=8a7883d06024f77d016028f8e2cc5cbe\" target=\"_blank\" rel=\"noreferrer noopener\" aria-label=\"click here (opens in a new tab)\">aqu\u00ed<\/a>.<\/p>\n<p>Aseg\u00farese de proporcionar una direcci\u00f3n de correo electr\u00f3nico v\u00e1lida para recibir actualizaciones sobre el estado de su solicitud. Gracias por su disposici\u00f3n para contribuir con su tiempo a nuestra comunidad.<\/p>","protected":false},"excerpt":{"rendered":"<p>We extend our gratitude to those who choose to support the school through the valuable gift of their time. Volunteering is a precious contribution that allows us to invest more in classroom instruction for our students. Some examples of volunteer opportunities include, but are not limited to: Parent Patrol: Ensuring student safety. Assisting Cafeteria Staff: Supporting during meal service. Grounds Keeping: Helping with maintenance as needed. Coaching a School Sports Team: Guiding and coaching young athletes. Serving on Committees: Participating in the parent organization, school advisory board, as a room parent, or school safety task force. Miscellaneous Opportunities: Various roles throughout the school year. To volunteer at the school, please submit an online application by clicking here. To volunteer at the parish, please submit an online application by clicking here. Please ensure that you provide a valid email address to receive updates on your application status. Thank you for your willingness to contribute your time to our community.<\/p>","protected":false},"author":1,"featured_media":0,"parent":0,"menu_order":0,"comment_status":"closed","ping_status":"closed","template":"","meta":{"_coblocks_attr":"","_coblocks_dimensions":"","_coblocks_responsive_height":"","_coblocks_accordion_ie_support":"","footnotes":""},"class_list":["post-293","page","type-page","status-publish","hentry"],"_links":{"self":[{"href":"https:\/\/stjohntucson.org\/es\/wp-json\/wp\/v2\/pages\/293","targetHints":{"allow":["GET"]}}],"collection":[{"href":"https:\/\/stjohntucson.org\/es\/wp-json\/wp\/v2\/pages"}],"about":[{"href":"https:\/\/stjohntucson.org\/es\/wp-json\/wp\/v2\/types\/page"}],"author":[{"embeddable":true,"href":"https:\/\/stjohntucson.org\/es\/wp-json\/wp\/v2\/users\/1"}],"replies":[{"embeddable":true,"href":"https:\/\/stjohntucson.org\/es\/wp-json\/wp\/v2\/comments?post=293"}],"version-history":[{"count":11,"href":"https:\/\/stjohntucson.org\/es\/wp-json\/wp\/v2\/pages\/293\/revisions"}],"predecessor-version":[{"id":2532,"href":"https:\/\/stjohntucson.org\/es\/wp-json\/wp\/v2\/pages\/293\/revisions\/2532"}],"wp:attachment":[{"href":"https:\/\/stjohntucson.org\/es\/wp-json\/wp\/v2\/media?parent=293"}],"curies":[{"name":"wp","href":"https:\/\/api.w.org\/{rel}","templated":true}]}}