{"id":297,"date":"2019-12-28T16:36:11","date_gmt":"2019-12-28T23:36:11","guid":{"rendered":"https:\/\/stjohntucson.org\/?page_id=297"},"modified":"2024-01-05T13:12:21","modified_gmt":"2024-01-05T20:12:21","slug":"other-support-opportunities","status":"publish","type":"page","link":"https:\/\/stjohntucson.org\/es\/other-support-opportunities\/","title":{"rendered":"Otras Oportunidades de Apoyo"},"content":{"rendered":"<p><img loading=\"lazy\" decoding=\"async\" src=\"https:\/\/stjohntucson.org\/wp-content\/uploads\/2024\/01\/9.png\" alt=\"\" width=\"1584\" height=\"396\" \/><\/p>\n<p>El apoyo financiero a la Escuela Cat\u00f3lica St. John the Evangelist tambi\u00e9n puede provenir de sus compras diarias. La iglesia recibe donaciones de los siguientes programas. Todo lo que tiene que hacer es designar a St. John the Evangelist como su organizaci\u00f3n ben\u00e9fica elegida:<\/p>\n<hr \/>\n<h3><a href=\"https:\/\/www.frysfood.com\/topic\/new-community-rewards-program\" target=\"_blank\" rel=\"noreferrer noopener\" aria-label=\"Fry's Community Rewards \/ Recompensas comunitarias de Fry's (opens in a new tab)\">Fry&#8217;s Community Rewards\u00a0<\/a><\/h3>\n<p>Fry&#8217;s Community Rewards donates to local organizations based on the shopping you do every day. Once you link your card to St. John the Evangelist Catholic School (Fry&#8217;s Rewards Organization # NU908), all you have to do is shop at Fry&#8217;s and swipe your V.I.P Card at checkout!<\/p>\n<p><strong>NOTA: Todos los participantes deben volver a inscribirse cada a\u00f1o para seguir obteniendo recompensas para la escuela St. John.<\/strong><\/p>\n<p><img loading=\"lazy\" decoding=\"async\" src=\"https:\/\/stjohntucson.org\/wp-content\/uploads\/2024\/01\/download.png\" alt=\"\" width=\"225\" height=\"225\" \/><\/p>\n<hr \/>\n<h3><a href=\"https:\/\/www.boxtops4education.com\/\" target=\"_blank\" rel=\"noreferrer noopener\" aria-label=\"Box Tops for Education \/ Box Tops para la educaci\u00f3n (opens in a new tab)\">Box Tops for Education\u00a0<\/a><\/h3>\n<p>Box Tops is going digital, making it more convenient and less of a hassle to earn rewards for St. John Catholic School. The new and improved Box Tops uses a state-of-the-art mobile app to scan your store receipt, find participating products, and instantly add Box Tops to our school&#8217;s earnings online.<\/p>\n<ul>\n<li>If on your phone, go to the Google Play Store and download the &#8220;Box Tops for Education&#8221; app.<\/li>\n<li>Reg\u00edstrese gratis (se requiere correo electr\u00f3nico y contrase\u00f1a; debe tener al menos 18 a\u00f1os).<\/li>\n<li>Find our school (search by name, zip or current location) and select &#8220;St John the Evangelist School&#8221;.<\/li>\n<li>Complete su perfil.<\/li>\n<li>Escanee todo su recibo con la aplicaci\u00f3n inmediatamente al momento de pagar (o dentro de los 14 d\u00edas posteriores a la compra).<\/li>\n<\/ul>\n<p>El programa tradicional de recorte y ganancia de Box Tops todav\u00eda est\u00e1 disponible. De hecho, muchos productos solo son elegibles a trav\u00e9s del programa de recorte. P\u00eddale a su hijo que traiga los Box Tops recortados a su sal\u00f3n de clases.<\/p>\n<figure><a href=\"https:\/\/www.boxtops4education.com\/\" target=\"_blank\" rel=\"noreferrer noopener\"><img loading=\"lazy\" decoding=\"async\" src=\"https:\/\/stjohntucson.org\/wp-content\/uploads\/2020\/01\/BTFE_Logo-1024x935.png\" alt=\"\" width=\"256\" height=\"234\" \/><\/a><\/figure>\n<p>&nbsp;<\/p>","protected":false},"excerpt":{"rendered":"<p>Financial support for St. John the Evangelist Catholic School can also come from your everyday shopping. The church receives donations from the following programs. All you have to do is designate St. John the Evangelist as your charity of choice: Fry&#8217;s Community Rewards\u00a0 Fry&#8217;s Community Rewards donates to local organizations based on the shopping you do every day. Once you link your card to St. John the Evangelist Catholic School (Fry&#8217;s Rewards Organization # NU908), all you have to do is shop at Fry&#8217;s and swipe your V.I.P Card at checkout! NOTE: All participants must re-enroll each year to continue earning rewards for St. John school. Box Tops for Education\u00a0 Box Tops is going digital, making it more convenient and less of a hassle to earn rewards for St. John Catholic School. The new and improved Box Tops uses a state-of-the-art mobile app to scan your store receipt, find participating products, and instantly add Box Tops to our school&#8217;s earnings online. If on your phone, go to the Google Play Store and download the &#8220;Box Tops for Education&#8221; app. Sign up for free (email and password required; Must be at least 18 years old). Find our school (search by name, zip or current location) and select &#8220;St John the Evangelist School&#8221;. Complete your profile. Scan your entire receipt with the app immediately upon checkout (or within 14 days of purchase). The traditional clip and earn Box Tops program is still available. In fact, many products are still only eligible through the clip program. Have your child bring clipped box tops to his\/her classroom. &nbsp;<\/p>","protected":false},"author":1,"featured_media":0,"parent":0,"menu_order":0,"comment_status":"closed","ping_status":"closed","template":"","meta":{"_coblocks_attr":"","_coblocks_dimensions":"","_coblocks_responsive_height":"","_coblocks_accordion_ie_support":"","footnotes":""},"class_list":["post-297","page","type-page","status-publish","hentry"],"_links":{"self":[{"href":"https:\/\/stjohntucson.org\/es\/wp-json\/wp\/v2\/pages\/297","targetHints":{"allow":["GET"]}}],"collection":[{"href":"https:\/\/stjohntucson.org\/es\/wp-json\/wp\/v2\/pages"}],"about":[{"href":"https:\/\/stjohntucson.org\/es\/wp-json\/wp\/v2\/types\/page"}],"author":[{"embeddable":true,"href":"https:\/\/stjohntucson.org\/es\/wp-json\/wp\/v2\/users\/1"}],"replies":[{"embeddable":true,"href":"https:\/\/stjohntucson.org\/es\/wp-json\/wp\/v2\/comments?post=297"}],"version-history":[{"count":53,"href":"https:\/\/stjohntucson.org\/es\/wp-json\/wp\/v2\/pages\/297\/revisions"}],"predecessor-version":[{"id":2568,"href":"https:\/\/stjohntucson.org\/es\/wp-json\/wp\/v2\/pages\/297\/revisions\/2568"}],"wp:attachment":[{"href":"https:\/\/stjohntucson.org\/es\/wp-json\/wp\/v2\/media?parent=297"}],"curies":[{"name":"wp","href":"https:\/\/api.w.org\/{rel}","templated":true}]}}