{"id":373,"date":"2019-12-28T21:30:28","date_gmt":"2019-12-29T04:30:28","guid":{"rendered":"https:\/\/stjohntucson.org\/?page_id=373"},"modified":"2025-08-04T18:37:24","modified_gmt":"2025-08-05T01:37:24","slug":"lunch-menu","status":"publish","type":"page","link":"https:\/\/stjohntucson.org\/es\/lunch-menu\/","title":{"rendered":"Menu de Cafeteria"},"content":{"rendered":"<h3><img loading=\"lazy\" decoding=\"async\" src=\"https:\/\/stjohntucson.org\/wp-content\/uploads\/2024\/01\/9.png\" alt=\"\" width=\"1584\" height=\"396\" \/><\/h3>\n<p>Asistencia ling\u00fc\u00edstica gratuita, ayudas auxiliares y\/o adaptaciones est\u00e1n disponibles bajo petici\u00f3n.<\/p>\n<p><strong>Men\u00fa de este mes:<\/strong><\/p>\n\n<p>\u00a1Se ofrecen desayuno y almuerzo la mayor\u00eda de los d\u00edas, incluso en los d\u00edas de salida temprana!<\/p>\n<p>Alternatively, students are welcome to bring their own lunch, with the condition that it doesn&#8217;t require the use of the microwave. Ensure your child&#8217;s meal is nutritious and satisfying, and remember to include any necessary utensils or napkins. Please note that soda is not allowed.<\/p>\n<p>&nbsp;<\/p>\n<p><img loading=\"lazy\" decoding=\"async\" src=\"https:\/\/stjohntucson.org\/wp-content\/uploads\/2025\/08\/Screenshot-2025-08-04-183541.png\" alt=\"\" width=\"1049\" height=\"814\" \/><\/p>","protected":false},"excerpt":{"rendered":"<p>Free language assistance, auxiliary aids, and\/or accommodations are available upon request. Menu for this month: Breakfast and lunch are offered most days, including early dismissal days! Alternatively, students are welcome to bring their own lunch, with the condition that it doesn&#8217;t require the use of the microwave. Ensure your child&#8217;s meal is nutritious and satisfying, and remember to include any necessary utensils or napkins. Please note that soda is not allowed. &nbsp;<\/p>","protected":false},"author":1,"featured_media":0,"parent":0,"menu_order":0,"comment_status":"closed","ping_status":"closed","template":"","meta":{"_coblocks_attr":"","_coblocks_dimensions":"","_coblocks_responsive_height":"","_coblocks_accordion_ie_support":"","footnotes":""},"class_list":["post-373","page","type-page","status-publish","hentry"],"_links":{"self":[{"href":"https:\/\/stjohntucson.org\/es\/wp-json\/wp\/v2\/pages\/373","targetHints":{"allow":["GET"]}}],"collection":[{"href":"https:\/\/stjohntucson.org\/es\/wp-json\/wp\/v2\/pages"}],"about":[{"href":"https:\/\/stjohntucson.org\/es\/wp-json\/wp\/v2\/types\/page"}],"author":[{"embeddable":true,"href":"https:\/\/stjohntucson.org\/es\/wp-json\/wp\/v2\/users\/1"}],"replies":[{"embeddable":true,"href":"https:\/\/stjohntucson.org\/es\/wp-json\/wp\/v2\/comments?post=373"}],"version-history":[{"count":60,"href":"https:\/\/stjohntucson.org\/es\/wp-json\/wp\/v2\/pages\/373\/revisions"}],"predecessor-version":[{"id":2954,"href":"https:\/\/stjohntucson.org\/es\/wp-json\/wp\/v2\/pages\/373\/revisions\/2954"}],"wp:attachment":[{"href":"https:\/\/stjohntucson.org\/es\/wp-json\/wp\/v2\/media?parent=373"}],"curies":[{"name":"wp","href":"https:\/\/api.w.org\/{rel}","templated":true}]}}